{"id":3270,"date":"2022-09-01T13:33:23","date_gmt":"2022-09-01T13:33:23","guid":{"rendered":"https:\/\/construcciotarragones.pragmatacomunicacion.com\/?page_id=3270"},"modified":"2022-10-20T15:53:24","modified_gmt":"2022-10-20T15:53:24","slug":"politica-de-cookies","status":"publish","type":"page","link":"https:\/\/www.construcciotarragones.org\/es\/politica-de-cookies\/","title":{"rendered":"Pol\u00edtica de cookies"},"content":{"rendered":"<div class=\"fusion-fullwidth fullwidth-box fusion-builder-row-1 fusion-flex-container nonhundred-percent-fullwidth non-hundred-percent-height-scrolling\" style=\"--awb-border-radius-top-left:0px;--awb-border-radius-top-right:0px;--awb-border-radius-bottom-right:0px;--awb-border-radius-bottom-left:0px;--awb-flex-wrap:wrap;\" ><div class=\"fusion-builder-row fusion-row fusion-flex-align-items-flex-start fusion-flex-content-wrap\" style=\"max-width:1216.8px;margin-left: calc(-4% \/ 2 );margin-right: calc(-4% \/ 2 );\"><div class=\"fusion-layout-column fusion_builder_column fusion-builder-column-0 fusion_builder_column_1_1 1_1 fusion-flex-column\" style=\"--awb-bg-size:cover;--awb-width-large:100%;--awb-margin-top-large:0px;--awb-spacing-right-large:1.92%;--awb-margin-bottom-large:0px;--awb-spacing-left-large:1.92%;--awb-width-medium:100%;--awb-order-medium:0;--awb-spacing-right-medium:1.92%;--awb-spacing-left-medium:1.92%;--awb-width-small:100%;--awb-order-small:0;--awb-spacing-right-small:1.92%;--awb-spacing-left-small:1.92%;\"><div class=\"fusion-column-wrapper fusion-column-has-shadow fusion-flex-justify-content-flex-start fusion-content-layout-column\"><div class=\"fusion-text fusion-text-1\" style=\"--awb-text-color:#ffffff;\"><div class=\"fusion-text fusion-text-1\">\n<p><strong>\u00bfQu\u00e9 son las cookies?<\/strong><\/p>\n<p>Una cookie es un archivo que se descarga a su ordenador cuando accede a ciertos sitios web. Entre otras cosas, las cookies permiten a un sitio web almacenar y recuperar informaci\u00f3n sobre los h\u00e1bitos de navegaci\u00f3n de un usuario o el ordenador, dependiendo de la informaci\u00f3n que contienen y c\u00f3mo usa su ordenador, se pueden utilizar para reconocer al usuario. Dependiendo de qui\u00e9n administre el dominio desde donde se env\u00edan las cookies y d\u00f3nde se procesan los datos, se pueden distinguir dos tipos de cookies: <strong>cookies de origen y cookies de terceros. <\/strong>Tambi\u00e9n hay una segunda clasificaci\u00f3n basada en el tiempo que las cookies permanecen almacenadas en el navegador del cliente, distinguiendo entre <strong>cookies de sesi\u00f3n y cookies persistentes<\/strong>. Por \u00faltimo, hay otra clasificaci\u00f3n con cinco tipos de cookies seg\u00fan el prop\u00f3sito para el que se han obtenido los datos: c<strong>ookies t\u00e9cnicas, personalizaci\u00f3n de cookies, an\u00e1lisis de cookies, cookies de publicidad y cookies de publicidad de comportamiento.<\/strong> Se puede encontrar m\u00e1s informaci\u00f3nen la gu\u00eda de la Agencia Espa\u00f1ola de Protecci\u00f3n de Datos sobre el uso de cookies.<\/p>\n<p><strong>\u00bfQu\u00e9 tipo de cookies utiliza esta p\u00e1gina web?<\/strong><\/p>\n<p><strong>Cookies de an\u00e1lisis<\/strong><\/p>\n<p>Son aquellas que, bien tratadas por nosotros o por terceros, nos permiten cuantificar el n\u00famero de usuarios y as\u00ed realizar la medici\u00f3n y an\u00e1lisis estad\u00edstico de la utilizaci\u00f3n que hacen los usuarios del servicio ofertado. Para ello se analiza su navegaci\u00f3n en nuestra p\u00e1gina web con el fin de mejorar la oferta de productos o servicios que le ofrecemos. Esta p\u00e1gina web utiliza <em>Google Analytics<\/em>, un servicio de anal\u00edtica web desarrollada por <em>Google<\/em>, que permite la medici\u00f3n y an\u00e1lisis de la navegaci\u00f3n en las p\u00e1ginas web. En su navegador podr\u00e1 observar varias cookies de este servicio. Seg\u00fan la tipolog\u00eda anterior se trata de cookies propias, de sesi\u00f3n y de an\u00e1lisis. Puede encontrar m\u00e1s informaci\u00f3n al respecto e inhabilitar el uso de estas cookies en la siguiente direcci\u00f3n:<\/p>\n<p><a href=\"http:\/\/www.google.es\/intl\/es_ALL\/analytics\/learn\/privacy.html.\" target=\"_blank\" rel=\"noopener noreferrer\">http:\/\/www.google.es\/intl\/es_ALL\/analytics\/learn\/privacy.html.<\/a><\/p>\n<p>A trav\u00e9s de la anal\u00edtica web se obtiene informaci\u00f3n relativa al n\u00famero de usuarios que acceden a la web, el n\u00famero de p\u00e1ginas vistas, la frecuencia y repetici\u00f3n de las visitas, su duraci\u00f3n, el navegador utilizado, el operador que presta el servicio, el idioma, el terminal que utiliza, o la ciudad a la que est\u00e1 asignada su direcci\u00f3n IP. Informaci\u00f3n que posibilita un mejor y m\u00e1s apropiado servicio por parte de esta p\u00e1gina web. Estas cookies son gestionadas por terceros como<em> doubleclick.net <\/em>y<em> gstatic.com, <\/em>ambas propiedad de <em>Google<\/em>.<\/p>\n<p><strong>Aceptaci\u00f3n de la Pol\u00edtica de cookies<\/strong><\/p>\n<p><strong>Gremi de la Construcci\u00f3 del Tarragon\u00e8s<\/strong> asume que usted acepta el uso de cookies. No obstante, <strong>Gremi de la Construcci\u00f3 del Tarragon\u00e8s<\/strong> muestra informaci\u00f3n sobre su Pol\u00edtica de cookies en cualquier p\u00e1gina del sitio web con cada inicio de sesi\u00f3n con el objeto de que usted sea consciente.<\/p>\n<p>Ante esta informaci\u00f3n es posible llevar a cabo las siguientes acciones:<\/p>\n<ul>\n<li><strong> Aceptar.<\/strong> Para aceptar la colocaci\u00f3n y\/o lectura de las cookies as\u00ed como hacer desaparecer la primera capa de informaci\u00f3n avisando sobre la existencia de cookies en sus posteriores visitas a nuestro sitio web, siempre y cuando utilice el mismo navegador.<\/li>\n<li><strong>Settings.<\/strong> Podr\u00e1 obtener m\u00e1s informaci\u00f3n sobre qu\u00e9 son las cookies, conocer la Pol\u00edtica de cookies del <strong>Gremi de la Construcci\u00f3 del Tarragon\u00e8s<\/strong>y modificar la configuraci\u00f3n de su navegador para bloquearlas o eliminarlas.<\/li>\n<\/ul>\n<p><strong>\u00bfC\u00f3mo bloquear o eliminar las cookies?<\/strong><\/p>\n<p>Podr\u00e1 permitir, bloquear o borrar las cookies instaladas en su ordenador, configurando las opciones de su navegador. Como cada navegador tiene un procedimiento diferente, necesitar\u00e1 consultar la \u2018Ayuda\u2019 del mismo para saber como hacerlo.<\/p>\n<ul>\n<li><strong>InternetExplorer: <\/strong><a href=\"http:\/\/windows.microsoft.com\/es-xl\/internet-explorer\/delete-manage-cookies#ie=\" target=\"_blank\" rel=\"noopener noreferrer\">windows.microsoft.com\/es-xl\/internet-explorer\/delete-manage-cookies#ie=\u201die-10\u2033<\/a><\/li>\n<li><strong> FireFox: <\/strong><a href=\"http:\/\/support.mozilla.org\/es\/kb\/Borrar%20cookies\" target=\"_blank\" rel=\"noopener noreferrer\">support.mozilla.org\/es\/kb\/Borrar%20cookies<\/a><\/li>\n<li><strong>Chrome: <\/strong><a href=\"http:\/\/support.google.com\/chrome\/answer\/95647?hl=\" target=\"_blank\" rel=\"noopener noreferrer\">support.google.com\/chrome\/answer\/95647?hl=\u201des\u201d<\/a><\/li>\n<li><strong>Safari: <\/strong><a href=\"https:\/\/support.apple.com\/es-es\/guide\/safari\/manage-cookies-and-website-data-sfri11471\/mac\" target=\"_blank\" rel=\"noopener noreferrer\">https:\/\/support.apple.com\/es-es\/guide\/safari\/manage-cookies-and-website-data-sfri11471\/mac<\/a><\/li>\n<\/ul>\n<\/div>\n<\/div><\/div><\/div><\/div><\/div>\n","protected":false},"excerpt":{"rendered":"","protected":false},"author":1,"featured_media":0,"parent":0,"menu_order":55,"comment_status":"closed","ping_status":"closed","template":"","meta":{"footnotes":""},"class_list":["post-3270","page","type-page","status-publish","hentry"],"_links":{"self":[{"href":"https:\/\/www.construcciotarragones.org\/es\/wp-json\/wp\/v2\/pages\/3270","targetHints":{"allow":["GET"]}}],"collection":[{"href":"https:\/\/www.construcciotarragones.org\/es\/wp-json\/wp\/v2\/pages"}],"about":[{"href":"https:\/\/www.construcciotarragones.org\/es\/wp-json\/wp\/v2\/types\/page"}],"author":[{"embeddable":true,"href":"https:\/\/www.construcciotarragones.org\/es\/wp-json\/wp\/v2\/users\/1"}],"replies":[{"embeddable":true,"href":"https:\/\/www.construcciotarragones.org\/es\/wp-json\/wp\/v2\/comments?post=3270"}],"version-history":[{"count":0,"href":"https:\/\/www.construcciotarragones.org\/es\/wp-json\/wp\/v2\/pages\/3270\/revisions"}],"wp:attachment":[{"href":"https:\/\/www.construcciotarragones.org\/es\/wp-json\/wp\/v2\/media?parent=3270"}],"curies":[{"name":"wp","href":"https:\/\/api.w.org\/{rel}","templated":true}]}}