{"id":3264,"date":"2022-09-01T13:24:21","date_gmt":"2022-09-01T13:24:21","guid":{"rendered":"https:\/\/construcciotarragones.pragmatacomunicacion.com\/?page_id=3264"},"modified":"2022-10-20T14:17:51","modified_gmt":"2022-10-20T14:17:51","slug":"aviso-legal","status":"publish","type":"page","link":"https:\/\/www.construcciotarragones.org\/es\/aviso-legal\/","title":{"rendered":"Aviso legal | Condiciones Generales de Uso del sitio web"},"content":{"rendered":"<div class=\"fusion-fullwidth fullwidth-box fusion-builder-row-1 fusion-flex-container nonhundred-percent-fullwidth non-hundred-percent-height-scrolling\" style=\"--awb-border-radius-top-left:0px;--awb-border-radius-top-right:0px;--awb-border-radius-bottom-right:0px;--awb-border-radius-bottom-left:0px;--awb-flex-wrap:wrap;\" ><div class=\"fusion-builder-row fusion-row fusion-flex-align-items-flex-start fusion-flex-content-wrap\" style=\"max-width:1216.8px;margin-left: calc(-4% \/ 2 );margin-right: calc(-4% \/ 2 );\"><div class=\"fusion-layout-column fusion_builder_column fusion-builder-column-0 fusion_builder_column_1_1 1_1 fusion-flex-column\" style=\"--awb-bg-size:cover;--awb-width-large:100%;--awb-margin-top-large:0px;--awb-spacing-right-large:1.92%;--awb-margin-bottom-large:0px;--awb-spacing-left-large:1.92%;--awb-width-medium:100%;--awb-order-medium:0;--awb-spacing-right-medium:1.92%;--awb-spacing-left-medium:1.92%;--awb-width-small:100%;--awb-order-small:0;--awb-spacing-right-small:1.92%;--awb-spacing-left-small:1.92%;\"><div class=\"fusion-column-wrapper fusion-column-has-shadow fusion-flex-justify-content-flex-start fusion-content-layout-column\"><div class=\"fusion-text fusion-text-1\" style=\"--awb-text-color:#ffffff;\"><h2>Pol\u00edtica de Privacidad<\/h2>\n<p>El acceso a algunos de los servicios y productos ofrecidos a trav\u00e9s de la p\u00e1gina web del Gremio puede requerir que el usuario proporcione determinados datos de car\u00e1cter personal. De acuerdo con el dispuesto al Reglamento Europeo de Protecci\u00f3n de Datos 2016\/679, informamos que el responsable del tratamiento de los datos recogidos es el propio <strong>Gremi de la Construcci\u00f3 del Tarragon\u00e8s<\/strong>, con CIF G-43134303, domiciliado en la calle Jaime I, n.\u00ba 29 Entresuelo 2-3, Tarragona.<\/p>\n<p>Informamos que los datos quedar\u00e1n incorporados a los ficheros del Gremio con el fin de hacer la tramitaci\u00f3n del servicio demandado o por posteriormente facilitar informaci\u00f3n, en caso de que haya inter\u00e9s leg\u00edtimo o con previa autorizaci\u00f3n del interesado, sobre cuestiones relacionadas con el Gremio y el sector de la construcci\u00f3n, o por tambi\u00e9n informar de cursos de formaci\u00f3n.<\/p>\n<p>Los datos ser\u00e1n conservados el tiempo indispensable en atenci\u00f3n a la finalidad de tratamiento por los que han sido recogidos, pero en todo caso, el interesado tiene derecho a acceder, rectificar, limitar el tratamiento, cancelar y suprimir sus datos, as\u00ed como pedir su portabilidad a un tercero que nos haya autorizado.<br \/>\nCualquiera de estos supuestos podr\u00e1 realizarse por su titular directamente mediante comunicaci\u00f3n al correo electr\u00f3nico <a href=\"mailto:admin@construcciotarragones.org\">info@construcciotarragones.org<\/a>, al tel\u00e9fono 977 213 901 o dirigi\u00e9ndose directamente en la sede del Gremio.<\/p>\n<h2>Condiciones Generales de Uso del sitio web<\/h2>\n<p><a href=\"https:\/\/www.construcciotarragones.org\">www.construcciotarragones.org<\/a><\/p>\n<p>Constituye el objeto de las presentes Condiciones regular el acceso y la utilizaci\u00f3n de este sitio web.<\/p>\n<p>El <strong>Gremi de la Construcci\u00f3 del Tarragon\u00e8s<\/strong> se reserva la facultad de modificar, en cualquier momento y sin previo aviso, la presentaci\u00f3n y configuraci\u00f3n del sitio web y de los contenidos y servicios que en \u00e9l se incorporan. El usuario reconoce y acepta que me cualquier momento el Gremio pueda interrumpir, desactivar y\/o cancelar cualquier de los contenidos y servicios que se integran al sitio web.<\/p>\n<p>El acceso y la utilizaci\u00f3n de ciertos contenidos y servicios puede encontrarse sometido a determinadas condiciones propias, avisos legales, directrices y reglamentos de uso que, previamente puestos en conocimiento del usuario, y seg\u00fan los casos, sustituir\u00e1n, completar\u00e1n y\/o modificar\u00e1n las Condiciones Generales aqu\u00ed recogidas. El acceso y la utilizaci\u00f3n de los mencionados contenidos y servicios implicar\u00e1 por consecuente, la plena adhesi\u00f3n a las<br \/>\nCondiciones Particulares que se regulan en la versi\u00f3n publicada en el momento que el usuario acceda a los mismos, quedando estas Condiciones Particulares incorporadas autom\u00e1ticamente a las presentes Condiciones Generales.<\/p>\n<p>El usuario se obliga a no acceder a los contenidos y servicios del sitio web por otros medios que no sean la interfaz de pantalla que el GREMIO proporciona para acceder a los mismos.<\/p>\n<p>El Gremio podr\u00e1 exigir para el acceso a determinados contenidos y servicios el env\u00edo de un formulario de alta. El usuario, en tal caso, tendr\u00e1 que proporcionar la informaci\u00f3n solicitada.<\/p>\n<p>En relaci\u00f3n con el proceso de registro, el usuario se obliga a:<\/p>\n<p>\u2022 Facilitar los datos veraces, exactos y completas sobre su identidad.<br \/>\n\u2022 Actualizar los datos de registro para que estos sigan siendo veraces, exactos y completos.<\/p>\n<p>El usuario no podr\u00e1 escoger como nombre de usuario o contrase\u00f1a palabras y\/o expresiones que, en general, fueran contrarias a la ley o a las exigencias de la moral y las buenas costumbres generalmente aceptados y, en general, palabras y\/o expresiones sobre las que recaiga alg\u00fan derecho que excluya la utilizaci\u00f3n por el usuario de las mismas. Por este fin, el usuario no podr\u00e1 seleccionar palabras o expresiones que sean malsonantes, injuriosas, calumniosas, id\u00e9nticas, similares o, en alguna forma, coincidentes con signos distintivos, denominaciones sociales, as\u00ed como nombres, apellidos, nombres art\u00edsticos y\/o pseud\u00f3nimos de terceras personas. Si el usuario facilitara cualquier dato falso, inexacta o incompleta, o si el Gremio tuviera motivos suficientes para sospechar que la citada informaci\u00f3n fuera falsa, inexacta, incompleta o contrar\u00eda a la ley o a las exigencias de la moral y las buenas costumbres generalmente aceptados, en conformidad con lo establecido en el p\u00e1rrafo anterior, el Gremio tendr\u00e1 derecho a cancelar el registro y denegar el acceso y uso, presente o futuro, del sitio web o de cualquier de los contenidos y\/o servicios en \u00e9l incorporados.<\/p>\n<p>El usuario se compromete a hacer un uso diligente de su nombre de usuario y de su contrase\u00f1a, as\u00ed como a mantener ambos en secreto. Ser\u00e1 de exclusiva responsabilidad del usuario mantener la confidencialidad de su nombre de usuario y de su contrase\u00f1a, asumiendo personalmente cualquiera de las actividades que se realicen o que tengan lugar mediante la utilizaci\u00f3n de los mismos.<\/p>\n<p>El usuario se obliga a usar el sitio web y los contenidos y\/o servicios que en \u00e9l se incorporan de forma diligente y correcta. As\u00ed mismo, se compromete a no utilizar el sitio web:<\/p>\n<p>\u2022 Para la realizaci\u00f3n de actividades contrarias a la ley, a la moral, a las buenas costumbres aceptadas o al orden p\u00fablico establecido.<br \/>\n\u2022 Con fines o efectos il\u00edcitos, prohibidos o lesivos de derechos e intereses de terceros, declinando el Gremio cualquier responsabilidad que, de todo el anterior, se pudiera derivar. Queda expresamente prohibido que el usuario autorice a terceros el uso, total o parcial, del sitio web o que introduzca y\/o incorpore en una actividad empresarial propia los contenidos y\/o servicios en \u00e9l incorporados. Queda expresamente prohibido el uso o aplicaci\u00f3n de cualquier recurso t\u00e9cnico, l\u00f3gico o tecnol\u00f3gico por virtud del cual los usuarios puedan beneficiarse, directa o indirectamente, con o sin lucro, de la explotaci\u00f3n no autorizada de los contenidos y\/o servicios ofrecidos o el sitio web en s\u00ed.<\/p>\n<p>El usuario se obliga a abstenerse de utilizar los contenidos y servicios de cualquier forma que pueda da\u00f1ar, inutilizar, sobrecargar o deteriorar el sitio web o impedir la normal utilizaci\u00f3n o goce del mismo por parte otros usuarios.<br \/>\nEl usuario se obliga a no interferir, ni interrumpir, el acceso y utilizaci\u00f3n del sitio web, servidores o redes conectados al mismo, ni incumplir los requisitos, procedimientos y regulaciones de la pol\u00edtica de conexi\u00f3n de redes.<br \/>\nLa relaci\u00f3n jur\u00eddica derivada del acceso y la utilizaci\u00f3n del sitio web, as\u00ed como de los contenidos y servicios en \u00e9l incorporados, tiene una duraci\u00f3n indefinida. As\u00ed mismo, cualquiera de las partes podr\u00e1 dar por finalizada o suspender la presente relaci\u00f3n jur\u00eddica unilateralmente en cualquier momento y sin m\u00e1s causa que su voluntad en este sentido.<\/p>\n<p>Sin prejuicio del anterior, la mencionada relaci\u00f3n se dar\u00e1 por finalizada con car\u00e1cter inmediato cuando el Gremio publique unas nuevas Condiciones Generales. El acceso y utilizaci\u00f3n del sitio web implicar\u00e1 la plena adhesi\u00f3n y aceptaci\u00f3n de las nuevas condiciones y, consecuentemente, el inicio de una nueva relaci\u00f3n jur\u00eddica.<\/p>\n<p>El Gremio se reserva la facultad de modificar, en cualquier momento y sin previo aviso, las presentes Condiciones Generales.<\/p>\n<p>El Gremio podr\u00e1 ceder, transferir, grabar o subrogar en favor de terceras partes, total o parcialmente, los derechos y obligaciones asumidos en virtud de la relaci\u00f3n contractual aqu\u00ed expuesta, as\u00ed como la posici\u00f3n contractual a cualquier tercera parte, entendi\u00e9ndose, por medio de la presente cl\u00e1usula, que el usuario otorga autorizaci\u00f3n suficiente a tal efecto.<\/p>\n<\/div><\/div><\/div><\/div><\/div>\n","protected":false},"excerpt":{"rendered":"","protected":false},"author":1,"featured_media":0,"parent":0,"menu_order":50,"comment_status":"closed","ping_status":"closed","template":"","meta":{"footnotes":""},"class_list":["post-3264","page","type-page","status-publish","hentry"],"_links":{"self":[{"href":"https:\/\/www.construcciotarragones.org\/es\/wp-json\/wp\/v2\/pages\/3264","targetHints":{"allow":["GET"]}}],"collection":[{"href":"https:\/\/www.construcciotarragones.org\/es\/wp-json\/wp\/v2\/pages"}],"about":[{"href":"https:\/\/www.construcciotarragones.org\/es\/wp-json\/wp\/v2\/types\/page"}],"author":[{"embeddable":true,"href":"https:\/\/www.construcciotarragones.org\/es\/wp-json\/wp\/v2\/users\/1"}],"replies":[{"embeddable":true,"href":"https:\/\/www.construcciotarragones.org\/es\/wp-json\/wp\/v2\/comments?post=3264"}],"version-history":[{"count":0,"href":"https:\/\/www.construcciotarragones.org\/es\/wp-json\/wp\/v2\/pages\/3264\/revisions"}],"wp:attachment":[{"href":"https:\/\/www.construcciotarragones.org\/es\/wp-json\/wp\/v2\/media?parent=3264"}],"curies":[{"name":"wp","href":"https:\/\/api.w.org\/{rel}","templated":true}]}}